{"id":9,"date":"2021-02-12T13:47:29","date_gmt":"2021-02-12T13:47:29","guid":{"rendered":"https:\/\/www.sitefactory.be\/design\/?page_id=9"},"modified":"2021-02-13T16:59:26","modified_gmt":"2021-02-13T15:59:26","slug":"accueil","status":"publish","type":"page","link":"https:\/\/www.sitefactory.be\/design\/","title":{"rendered":"Accueil"},"content":{"rendered":"\n<p>Votre site doit communiquer et valoriser l&rsquo;image de votre entreprise.<br>Un site doit \u00eatre reconnu facilement et rapidement, il est le point de d\u00e9part du succ\u00e8s de votre entreprise.<br>N&rsquo;h\u00e9sitez pas et confier la cr\u00e9ation du site de votre soci\u00e9t\u00e9 \u00e0 un professionnel qui a plus de  20 ans d&rsquo;exp\u00e9rience.<br>Soyez convaincus que chez SiteFactory, nous mettrons tout en \u0153uvre pour vous satisfaire dans les plus brefs d\u00e9lais, tout en respectant vos exigences.<br><br>Notre priorit\u00e9 est votre satisfaction!<br><br>D&rsquo;avance, nous vous remercions pour votre confiance.<br><br>Toute l&rsquo;\u00e9quipe de Site Factory.<\/p>\n","protected":false},"excerpt":{"rendered":"<p>Votre site doit communiquer et valoriser l&rsquo;image de votre entreprise.Un site doit \u00eatre reconnu facilement et rapidement, il est le point de d\u00e9part du succ\u00e8s de votre entreprise.N&rsquo;h\u00e9sitez pas et confier la cr\u00e9ation du site de votre soci\u00e9t\u00e9 \u00e0 un professionnel qui a plus de 20 ans d&rsquo;exp\u00e9rience.Soyez convaincus que chez SiteFactory, nous mettrons tout &hellip; <\/p>\n<p class=\"link-more\"><a href=\"https:\/\/www.sitefactory.be\/design\/\" class=\"more-link\">Continuer la lecture<span class=\"screen-reader-text\"> de &laquo;&nbsp;Accueil&nbsp;&raquo;<\/span><\/a><\/p>\n","protected":false},"author":1,"featured_media":0,"parent":0,"menu_order":0,"comment_status":"closed","ping_status":"closed","template":"","meta":[],"_links":{"self":[{"href":"https:\/\/www.sitefactory.be\/design\/wp-json\/wp\/v2\/pages\/9"}],"collection":[{"href":"https:\/\/www.sitefactory.be\/design\/wp-json\/wp\/v2\/pages"}],"about":[{"href":"https:\/\/www.sitefactory.be\/design\/wp-json\/wp\/v2\/types\/page"}],"author":[{"embeddable":true,"href":"https:\/\/www.sitefactory.be\/design\/wp-json\/wp\/v2\/users\/1"}],"replies":[{"embeddable":true,"href":"https:\/\/www.sitefactory.be\/design\/wp-json\/wp\/v2\/comments?post=9"}],"version-history":[{"count":12,"href":"https:\/\/www.sitefactory.be\/design\/wp-json\/wp\/v2\/pages\/9\/revisions"}],"predecessor-version":[{"id":97,"href":"https:\/\/www.sitefactory.be\/design\/wp-json\/wp\/v2\/pages\/9\/revisions\/97"}],"wp:attachment":[{"href":"https:\/\/www.sitefactory.be\/design\/wp-json\/wp\/v2\/media?parent=9"}],"curies":[{"name":"wp","href":"https:\/\/api.w.org\/{rel}","templated":true}]}}