{"id":11,"date":"2021-02-12T13:47:29","date_gmt":"2021-02-12T13:47:29","guid":{"rendered":"https:\/\/www.sitefactory.be\/design\/?page_id=11"},"modified":"2021-03-05T10:22:12","modified_gmt":"2021-03-05T09:22:12","slug":"contact","status":"publish","type":"page","link":"https:\/\/www.sitefactory.be\/design\/contact\/","title":{"rendered":"Contact"},"content":{"rendered":"\n<p>Veuillez prendre contact par email afin d&rsquo;\u00e9tablir un devis.<\/p>\n\n\n\n<p>Comment proc\u00e9der ?<\/p>\n\n\n\n<p>Par email,<br>1) Transmettez nous l&rsquo;adresse url d&rsquo;un site qui vous plait.<br>Un site dont la base ressemble \u00e0 ce que vous attendez pour votre futur site internet.<\/p>\n\n\n\n<p>2) Faite une liste des pages que voulez :<br>(par exemple&#8230;)<\/p>\n\n\n\n<ul><li>Page d&rsquo;accueil ?<\/li><li>Page qui d\u00e9crit votre activit\u00e9 ?<\/li><li>Page de contact ?<\/li><li>Page avec un catalogue de vos produits ?<\/li><li>Page d&rsquo;e-commerce ?<\/li><li>Etc.<br><br><\/li><\/ul>\n\n\n\n<a href=\"mailto:info@baron.be\">\nE-mail\n<\/a>\n","protected":false},"excerpt":{"rendered":"<p>Veuillez prendre contact par email afin d&rsquo;\u00e9tablir un devis. Comment proc\u00e9der ? Par email,1) Transmettez nous l&rsquo;adresse url d&rsquo;un site qui vous plait.Un site dont la base ressemble \u00e0 ce que vous attendez pour votre futur site internet. 2) Faite une liste des pages que voulez :(par exemple&#8230;) Page d&rsquo;accueil ? Page qui d\u00e9crit votre &hellip; <\/p>\n<p class=\"link-more\"><a href=\"https:\/\/www.sitefactory.be\/design\/contact\/\" class=\"more-link\">Continuer la lecture<span class=\"screen-reader-text\"> de &laquo;&nbsp;Contact&nbsp;&raquo;<\/span><\/a><\/p>\n","protected":false},"author":1,"featured_media":166,"parent":0,"menu_order":0,"comment_status":"closed","ping_status":"closed","template":"","meta":[],"_links":{"self":[{"href":"https:\/\/www.sitefactory.be\/design\/wp-json\/wp\/v2\/pages\/11"}],"collection":[{"href":"https:\/\/www.sitefactory.be\/design\/wp-json\/wp\/v2\/pages"}],"about":[{"href":"https:\/\/www.sitefactory.be\/design\/wp-json\/wp\/v2\/types\/page"}],"author":[{"embeddable":true,"href":"https:\/\/www.sitefactory.be\/design\/wp-json\/wp\/v2\/users\/1"}],"replies":[{"embeddable":true,"href":"https:\/\/www.sitefactory.be\/design\/wp-json\/wp\/v2\/comments?post=11"}],"version-history":[{"count":14,"href":"https:\/\/www.sitefactory.be\/design\/wp-json\/wp\/v2\/pages\/11\/revisions"}],"predecessor-version":[{"id":179,"href":"https:\/\/www.sitefactory.be\/design\/wp-json\/wp\/v2\/pages\/11\/revisions\/179"}],"wp:featuredmedia":[{"embeddable":true,"href":"https:\/\/www.sitefactory.be\/design\/wp-json\/wp\/v2\/media\/166"}],"wp:attachment":[{"href":"https:\/\/www.sitefactory.be\/design\/wp-json\/wp\/v2\/media?parent=11"}],"curies":[{"name":"wp","href":"https:\/\/api.w.org\/{rel}","templated":true}]}}