{"id":105,"date":"2021-02-13T17:06:42","date_gmt":"2021-02-13T16:06:42","guid":{"rendered":"https:\/\/www.sitefactory.be\/design\/?page_id=105"},"modified":"2021-03-06T11:03:38","modified_gmt":"2021-03-06T10:03:38","slug":"faq","status":"publish","type":"page","link":"https:\/\/www.sitefactory.be\/design\/faq\/","title":{"rendered":"FOIRE AUX QUESTIONS"},"content":{"rendered":"\n<p><strong>Pour mieux vous informer, lisez attentivement ce qui suit :<\/strong><\/p>\n\n\n\n<ul><li><em>Comment me seront envoy\u00e9es mes propositions de sites et comment pourrais-je les visualiser ?<\/em><br><br>Le site que vous avez command\u00e9 via le formulaire de commande sur notre site, sera transf\u00e9r\u00e9 sur un serveur et \u00ab\u00a0activ\u00e9 clef sur porte\u00a0\u00bb<br>Pas de manipulations compliqu\u00e9e, votre site sera visible directement sur votre adresse www.<br><br><br><\/li><li><em>Le site qui m&rsquo;est livr\u00e9 m&rsquo;appartient-il?<\/em><br><br>Oui, votre site vous appartient d\u00e8s la livraison d\u00e9finitive mais Sitefactory se r\u00e9serve le droit de l&rsquo;afficher dans les r\u00e9alisations sur son site Internet.<br><br><\/li><li><em>Proposez-vous de travailler le site jusqu&rsquo;\u00e0 totale satisfaction?<\/em><br><br>La formule choisie comprend la cr\u00e9ation d&rsquo;un certain nombre de pages web. Si vous d\u00e9sirez encore faire des modifications ou faire \u00e9voluer un site il vous faudra commander des pages suppl\u00e9mentaires.<br><br><\/li><li><em>Quand vais-je recevoir ma facture?<\/em><br><br>D\u00e8s que vous avez pay\u00e9 vous recevez un bon de commande par e-mail. La facture est envoy\u00e9 \u00e0 la fin du mois en cours.<\/li><\/ul>\n","protected":false},"excerpt":{"rendered":"<p>Pour mieux vous informer, lisez attentivement ce qui suit : Comment me seront envoy\u00e9es mes propositions de sites et comment pourrais-je les visualiser ? Le site que vous avez command\u00e9 via le formulaire de commande sur notre site, sera transf\u00e9r\u00e9 sur un serveur et \u00ab\u00a0activ\u00e9 clef sur porte\u00a0\u00bbPas de manipulations compliqu\u00e9e, votre site sera visible &hellip; <\/p>\n<p class=\"link-more\"><a href=\"https:\/\/www.sitefactory.be\/design\/faq\/\" class=\"more-link\">Continuer la lecture<span class=\"screen-reader-text\"> de &laquo;&nbsp;FOIRE AUX QUESTIONS&nbsp;&raquo;<\/span><\/a><\/p>\n","protected":false},"author":1,"featured_media":0,"parent":0,"menu_order":0,"comment_status":"closed","ping_status":"closed","template":"","meta":[],"_links":{"self":[{"href":"https:\/\/www.sitefactory.be\/design\/wp-json\/wp\/v2\/pages\/105"}],"collection":[{"href":"https:\/\/www.sitefactory.be\/design\/wp-json\/wp\/v2\/pages"}],"about":[{"href":"https:\/\/www.sitefactory.be\/design\/wp-json\/wp\/v2\/types\/page"}],"author":[{"embeddable":true,"href":"https:\/\/www.sitefactory.be\/design\/wp-json\/wp\/v2\/users\/1"}],"replies":[{"embeddable":true,"href":"https:\/\/www.sitefactory.be\/design\/wp-json\/wp\/v2\/comments?post=105"}],"version-history":[{"count":6,"href":"https:\/\/www.sitefactory.be\/design\/wp-json\/wp\/v2\/pages\/105\/revisions"}],"predecessor-version":[{"id":190,"href":"https:\/\/www.sitefactory.be\/design\/wp-json\/wp\/v2\/pages\/105\/revisions\/190"}],"wp:attachment":[{"href":"https:\/\/www.sitefactory.be\/design\/wp-json\/wp\/v2\/media?parent=105"}],"curies":[{"name":"wp","href":"https:\/\/api.w.org\/{rel}","templated":true}]}}